{"id":17,"date":"2025-11-02T11:54:03","date_gmt":"2025-11-02T11:54:03","guid":{"rendered":"https:\/\/weidenstein.life\/?page_id=17"},"modified":"2025-12-14T13:09:35","modified_gmt":"2025-12-14T13:09:35","slug":"karriere","status":"publish","type":"page","link":"https:\/\/weidenstein.com\/?page_id=17","title":{"rendered":"Karriere"},"content":{"rendered":"\n<h1 class=\"wp-block-heading\">Karriere<\/h1>\n\n\n\n<p>Willkommen bei&nbsp;<strong>WEIDENSTEIN<\/strong>!<\/p>\n\n\n\n<p>Wir sind stetig auf der Suche nach talentierten und motivierten Menschen, die sich unserem jungen Team anschlie\u00dfen und das Gesundheitswesen gestalten m\u00f6chten. Egal, ob du am Anfang deiner Karriere stehst oder bereits Erfahrung gesammelt hast, bei uns findest du vielf\u00e4ltige M\u00f6glichkeiten, deine F\u00e4higkeiten einzubringen und dich pers\u00f6nlich sowie beruflich weiterzuentwickeln. Wir bieten spannende Projekte, ein motiviertes Team und attraktive Entwicklungsm\u00f6glichkeiten, damit du dein volles Potenzial entfalten kannst.<\/p>\n\n\n\n<p>Wenn du Interesse an einer Mitarbeit hast, sende uns bitte ein kurzes Motivationsschreiben und deinen Lebenslauf per E-Mail an&nbsp;<a href=\"mailto:jobs@WEIDENSTEIN.com?subject=Bewerbung\"><strong>Jobs@WEIDENSTEIN.com<\/strong><\/a>. Wir melden uns zeitnah bei dir zur\u00fcck.<\/p>\n\n\n\n<p>Wir freuen uns darauf, dich kennenzulernen!<\/p>\n\n\n\n<h2 class=\"wp-block-heading\">Unsere Stellenangebote<\/h2>\n\n\n\n<details class=\"wp-block-details is-layout-flow wp-block-details-is-layout-flow\"><summary><strong>WEIDENSTEIN-Pionier &#8222;Ambulante Gesundheitsversorgung&#8220;<\/strong> (Dortmund &amp; Remote)<\/summary>\n<p>F\u00fcr den Aufbau des ersten WEIDENSTEIN-Gesundheitszentrums suchen wir engagierte und vision\u00e4re Menschen, die uns Lust haben, einen Ort zu schaffen, an dem ganzheitliche, patientenzentrierte und innovative Gesundheitsl\u00f6sungen im Mittelpunkt stehen. Als WEIDENSTEIN-Pionier bist du Mitgestalter:in unseres ersten Gesundheitszentrums und spielst eine Schl\u00fcsselrolle bei der Entwicklung und Umsetzung unserer Vision.<br><\/p>\n\n\n\n<div class=\"wp-block-buttons is-layout-flex wp-block-buttons-is-layout-flex\">\n<div class=\"wp-block-button is-style-outline is-style-outline--1\"><a class=\"wp-block-button__link wp-element-button\" href=\"https:\/\/weidenstein.life\/?page_id=209\">Zur Stelle<\/a><\/div>\n<\/div>\n<\/details>\n\n\n\n<details class=\"wp-block-details is-layout-flow wp-block-details-is-layout-flow\"><summary><strong>Initiativbewerbung <\/strong>(Dortmund &amp; Remote)<\/summary>\n<p>Du m\u00f6chtest bei uns mitarbeiten, findest aber kein passendes Stellenangebot? Dann sende uns deine Initiativbewerbung mit kurzem Anschreiben und CV zu, in der du die T\u00e4tigkeit beschreibst, die du gerne aus\u00fcben m\u00f6chtest.<\/p>\n\n\n\n<div class=\"wp-block-buttons is-layout-flex wp-block-buttons-is-layout-flex\">\n<div class=\"wp-block-button is-style-outline is-style-outline--2\"><a class=\"wp-block-button__link wp-element-button\" href=\"https:\/\/weidenstein.life\/?page_id=19\">Zur Stelle<\/a><\/div>\n<\/div>\n<\/details>\n","protected":false},"excerpt":{"rendered":"<p>Karriere Willkommen bei&nbsp;WEIDENSTEIN! Wir sind stetig auf der Suche nach talentierten und motivierten Menschen, die sich unserem jungen Team anschlie\u00dfen und das Gesundheitswesen gestalten m\u00f6chten. Egal, ob du am Anfang deiner Karriere stehst oder bereits Erfahrung gesammelt hast, bei uns findest du vielf\u00e4ltige M\u00f6glichkeiten, deine F\u00e4higkeiten einzubringen und dich pers\u00f6nlich sowie beruflich weiterzuentwickeln. Wir bieten [&hellip;]<\/p>\n","protected":false},"author":2,"featured_media":0,"parent":0,"menu_order":0,"comment_status":"closed","ping_status":"closed","template":"","meta":{"footnotes":""},"class_list":["post-17","page","type-page","status-publish","hentry"],"blocksy_meta":[],"_links":{"self":[{"href":"https:\/\/weidenstein.com\/index.php?rest_route=\/wp\/v2\/pages\/17","targetHints":{"allow":["GET"]}}],"collection":[{"href":"https:\/\/weidenstein.com\/index.php?rest_route=\/wp\/v2\/pages"}],"about":[{"href":"https:\/\/weidenstein.com\/index.php?rest_route=\/wp\/v2\/types\/page"}],"author":[{"embeddable":true,"href":"https:\/\/weidenstein.com\/index.php?rest_route=\/wp\/v2\/users\/2"}],"replies":[{"embeddable":true,"href":"https:\/\/weidenstein.com\/index.php?rest_route=%2Fwp%2Fv2%2Fcomments&post=17"}],"version-history":[{"count":7,"href":"https:\/\/weidenstein.com\/index.php?rest_route=\/wp\/v2\/pages\/17\/revisions"}],"predecessor-version":[{"id":217,"href":"https:\/\/weidenstein.com\/index.php?rest_route=\/wp\/v2\/pages\/17\/revisions\/217"}],"wp:attachment":[{"href":"https:\/\/weidenstein.com\/index.php?rest_route=%2Fwp%2Fv2%2Fmedia&parent=17"}],"curies":[{"name":"wp","href":"https:\/\/api.w.org\/{rel}","templated":true}]}}