{"id":3,"date":"2025-11-02T11:02:33","date_gmt":"2025-11-02T11:02:33","guid":{"rendered":"http:\/\/34.32.22.41\/?page_id=3"},"modified":"2025-12-14T12:41:09","modified_gmt":"2025-12-14T12:41:09","slug":"privacy-policy","status":"publish","type":"page","link":"https:\/\/weidenstein.com\/?page_id=3","title":{"rendered":"Datenschutzerkl\u00e4rung"},"content":{"rendered":"\n<h1 class=\"wp-block-heading\">Datenschutzerkl\u00e4rung<\/h1>\n\n\n\n<p>Der Schutz Ihrer pers\u00f6nlichen Daten ist uns ein wichtiges Anliegen. Wir erl\u00e4utern Ihnen daher nachfolgend, welche personenbezogene Daten wir im Rahmen unseres Webseitenbetriebs verarbeiten. Vorab weisen wir auf Folgendes hin: Die f\u00fcr die Datenverarbeitung im Zusammenhang mit dem Betrieb unserer Website verantwortliche Stelle ist die Firma WEIDENSTEIN GmbH, Baeumerstra\u00dfe 35, 44141 Dortmund.<\/p>\n\n\n\n<p>\u200bDie Verarbeitung Ihrer personenbezogenen Daten durch uns erfolgt entweder auf Grundlage einer erteilten Einwilligung (Art. 6 Abs. 1 lit. a) DSGVO), zur Erf\u00fcllung eines Vertrags, dessen Vertragspartner Sie sind (Art. 6 Abs. 1 lit. b) DSGVO), zur Erf\u00fcllung einer rechtlichen Verpflichtung von uns (Art. 6 Abs. 1 lit. c) DSGVO) oder zur Wahrung unserer berechtigten Interessen (Art. 6 Abs. 1 lit. f) DSGVO).<\/p>\n\n\n\n<h2 class=\"wp-block-heading\">Datenschutz<\/h2>\n\n\n\n<p>\u200bSoweit auf unserer Seite personenbezogene Daten (beispielsweise Name, Anschrift oder E-Mail-Adressen) erhoben werden, erfolgt dies, soweit m\u00f6glich, stets auf freiwilliger Basis. Diese Daten werden ohne Ihre ausdr\u00fcckliche Zustimmung nicht an Dritte weitergegeben. Wir weisen darauf hin, dass die Daten\u00fcbertragung im Internet (z. B. bei der Kommunikation per E-Mail) Sicherheitsl\u00fccken aufweisen kann. Ein l\u00fcckenloser Schutz der Daten vor dem Zugriff durch Dritte ist nicht m\u00f6glich.<\/p>\n\n\n\n<p>Wir verarbeiten Bestandsdaten (z.B. Personen-Stammdaten, Namen oder Adressen), Kontaktdaten (z.B. E-Mail) und Inhaltsdaten (z.B. Texteingaben, Fotografien, Videos). Die Verarbeitung bezweckt die Zurverf\u00fcgungstellung des Onlineangebotes, seiner Funktionen und Inhalte, der Beantwortung von Kontaktanfragen und Kommunikation mit Nutzern und Sicherheitsma\u00dfnahmen. F\u00fcr einen Vertragsabschluss ist die Bereitstellung von personenbezogenen Daten zwingend erforderlich.<\/p>\n\n\n\n<p>Ihre personenbezogenen Daten werden gel\u00f6scht, wenn der Verarbeitungszweck erreicht ist, es sei denn, der L\u00f6schung stehen gesetzliche Aufbewahrungspflichten entgegen.<\/p>\n\n\n\n<h2 class=\"wp-block-heading\">Ma\u00dfgebliche Rechtsgrundlage<\/h2>\n\n\n\n<p>Nach Ma\u00dfgabe des Art. 13 DSGVO teilen wir Ihnen die Rechtsgrundlagen unserer Datenverarbeitungen mit. F\u00fcr Nutzer aus dem Geltungsbereich der Datenschutzgrundverordnung (DSGVO), d. h. der EU und des EWG gilt, sofern die Rechtsgrundlage in der Datenschutzerkl\u00e4rung nicht genannt wird, Folgendes: Die Rechtsgrundlage f\u00fcr die Einholung von Einwilligungen ist Art. 6 Abs. 1 lit. a und Art. 7 DSGVO.<\/p>\n\n\n\n<p>Die Rechtsgrundlage f\u00fcr die Verarbeitung zur Erf\u00fcllung unserer Leistungen und Durchf\u00fchrung vertraglicher Ma\u00dfnahmen sowie Beantwortung von Anfragen ist Art. 6 Abs. 1 lit. b DSGVO; Die Rechtsgrundlage f\u00fcr die Verarbeitung zur Erf\u00fcllung unserer rechtlichen Verpflichtungen ist Art. 6 Abs. 1 lit. c DSGVO.<\/p>\n\n\n\n<p>F\u00fcr den Fall, dass lebenswichtige Interessen der betroffenen Person oder einer anderen nat\u00fcrlichen Person eine Verarbeitung personenbezogener Daten erforderlich machen, dient Art. 6 Abs. 1 lit. d DSGVO als Rechtsgrundlage.<\/p>\n\n\n\n<p>Die Rechtsgrundlage f\u00fcr die Verarbeitung zur Erf\u00fcllung unserer Leistungen und Durchf\u00fchrung vertraglicher Ma\u00dfnahmen sowie Beantwortung von Anfragen ist Art. 6 Abs. 1 lit. b DSGVO; Die Rechtsgrundlage f\u00fcr die Verarbeitung zur Erf\u00fcllung unserer rechtlichen Verpflichtungen ist Art. 6 Abs. 1 lit. c DSGVO.<\/p>\n\n\n\n<p>Die Rechtsgrundlage f\u00fcr die Verarbeitung zur Wahrung unserer berechtigten Interessen ist Art. 6 Abs. 1 lit. f DSGVO.<\/p>\n\n\n\n<p>Die Verarbeitung von Daten zu anderen Zwecken als denen, zu denen sie erhoben wurden, bestimmt sich nach den Vorgaben des Art 6 Abs. 4 DSGVO.<\/p>\n\n\n\n<p>Die Verarbeitung von besonderen Kategorien von Daten (entsprechend Art. 9 Abs. 1 DSGVO) bestimmt sich nach den Vorgaben des Art. 9 Abs. 2 DSGVO.<\/p>\n\n\n\n<h2 class=\"wp-block-heading\">Sicherheitsma\u00dfnahmen<\/h2>\n\n\n\n<p>Wir treffen nach Ma\u00dfgabe der gesetzlichen Vorgaben unter Ber\u00fccksichtigung des Stands der Technik, der Implementierungskosten und der Art, des Umfangs, der Umst\u00e4nde und der Zwecke der Verarbeitung sowie der unterschiedlichen Eintrittswahrscheinlichkeit und Schwere des Risikos f\u00fcr die Rechte und Freiheiten nat\u00fcrlicher Personen, geeignete technische und organisatorische Ma\u00dfnahmen, um ein dem Risiko angemessenes Schutzniveau zu gew\u00e4hrleisten.<\/p>\n\n\n\n<h2 class=\"wp-block-heading\">Zusammenarbeit mit Auftragsverarbeitern, gemeinsam Verantwortlichen und Dritten<\/h2>\n\n\n\n<p>Sofern wir im Rahmen unserer Verarbeitung Daten gegen\u00fcber anderen Personen und Unternehmen (Auftragsverarbeitern, gemeinsam Verantwortlichen oder Dritten) offenbaren, sie an diese \u00fcbermitteln oder ihnen sonst Zugriff auf die Daten gew\u00e4hren, erfolgt dies nur auf Grundlage einer gesetzlichen Erlaubnis, der Einwilligung der Nutzer, wenn eine rechtliche Verpflichtung dies vorsieht oder auf Grundlage unserer berechtigten Interessen (z.B. beim Einsatz von Beauftragten, Webhostern, etc.).<\/p>\n\n\n\n<h2 class=\"wp-block-heading\">\u00dcbermittlung in Drittl\u00e4nder<\/h2>\n\n\n\n<p>\u200bSofern wir Daten in einem Drittland (d. h. au\u00dferhalb der Europ\u00e4ischen Union (EU), des Europ\u00e4ischen Wirtschaftsraums (EWR) oder der Schweizer Eidgenossenschaft) verarbeiten oder dies im Rahmen der Inanspruchnahme von Diensten Dritter oder Offenlegung, bzw. \u00dcbermittlung von Daten an andere Personen oder Unternehmen geschieht, erfolgt dies nur, wenn es zur Erf\u00fcllung unserer (vor)vertraglichen Pflichten, auf Grundlage Ihrer Einwilligung, aufgrund einer rechtlichen Verpflichtung oder auf Grundlage unserer berechtigten Interessen geschieht. Vorbehaltlich gesetzlicher oder vertraglicher Erlaubnisse, verarbeiten oder lassen wir die Daten in einem Drittland nur beim Vorliegen der gesetzlichen Voraussetzungen der Art 44 DSGVO ff.<\/p>\n\n\n\n<p>Sie erfolgt auf Grundlage besonderer Garantien, wie der offiziell anerkannten Feststellung eines der EU entsprechenden Datenschutzniveaus oder Beachtung offiziell anerkannter spezieller vertraglicher Verpflichtungen wie den Standarddatenschutzklauseln (auch Standardvertragsklauseln oder EU-Musterklauseln, sog. binding corporate rules) nach Art. 46 Abs. 2 lit c) DSGVO. In allen F\u00e4llen, in denen eine \u00dcbermittlung in Drittl\u00e4nder stattfindet, wurden nach M\u00f6glichkeit diesen Standards entsprechende Vereinbarungen getroffen. In allen \u00fcbrigen F\u00e4llen, wo dies nicht m\u00f6glich war bzw. ist, erfolgt sie nur bei Vorliegen einer Einwilligung nach Art. 49 Abs. 1 lit. a DSGVO.\u200b<\/p>\n\n\n\n<h2 class=\"wp-block-heading\">Rechte der betroffenen Personen<\/h2>\n\n\n\n<p>Sie haben das Recht, eine Best\u00e4tigung dar\u00fcber zu verlangen, ob betreffende Daten verarbeitet werden und auf Auskunft \u00fcber diese Daten sowie auf weitere Informationen und Kopie der Daten entsprechend den gesetzlichen Vorgaben. Diese sind vor allem in Art. 12 ff DSGVO im Einzelnen geregelt. Dies sind insbesondere das Recht, die Vervollst\u00e4ndigung, Berichtigung, L\u00f6schung, Einschr\u00e4nkung der Verarbeitung der Sie betreffenden Daten sowie Auskunft \u00fcber diese Daten zu verlangen. Ferner haben Sie das Recht auf Beschwerde bei der zust\u00e4ndigen Aufsichtsbeh\u00f6rde, das Recht Ihre Einwilligung mit Wirkung f\u00fcr die Zukunft zu widerrufen oder der k\u00fcnftigen Verarbeitung der Sie betreffenden Daten nach Ma\u00dfgabe der gesetzlichen Vorgaben jederzeit zu widersprechen.<\/p>\n\n\n\n<h2 class=\"wp-block-heading\">Cookies und Widerspruchsrechte bei Direktwerbung<\/h2>\n\n\n\n<p>Als \u201eCookies\u201c werden kleine Dateien bezeichnet, die auf Rechnern der Nutzer gespeichert werden. Innerhalb der Cookies k\u00f6nnen unterschiedliche Angaben gespeichert werden. Ein Cookie dient prim\u00e4r dazu, die Angaben zu einem Nutzer (bzw. dem Ger\u00e4t, auf dem das Cookie gespeichert ist) w\u00e4hrend oder auch nach seinem Besuch innerhalb eines Onlineangebotes zu speichern. Als tempor\u00e4re Cookies, bzw. \u201eSession-Cookies\u201c oder \u201etransiente Cookies\u201c, werden Cookies bezeichnet, die gel\u00f6scht werden, nachdem ein Nutzer ein Onlineangebot verl\u00e4sst und seinen Browser schlie\u00dft. In einem solchen Cookie kann z.B. der Inhalt eines Warenkorbs in einem Onlineshop oder ein Login-Status gespeichert werden. Als \u201epermanent\u201c oder \u201epersistent\u201c werden Cookies bezeichnet, die auch nach dem Schlie\u00dfen des Browsers gespeichert bleiben. So kann z.B. der Login-Status gespeichert werden, wenn die Nutzer diese nach mehreren Tagen aufsuchen. Ebenso k\u00f6nnen in einem solchen Cookie die Interessen der Nutzer gespeichert werden, die f\u00fcr Reichweitenmessung oder Marketingzwecke verwendet werden. Als \u201eThird-Party-Cookie\u201c werden Cookies bezeichnet, die von anderen Anbietern als dem Verantwortlichen, der das Onlineangebot betreibt, angeboten werden (andernfalls, wenn es nur dessen Cookies sind spricht man von \u201eFirst-Party Cookies\u201c).<\/p>\n\n\n\n<p>Wir k\u00f6nnen tempor\u00e4re und permanente Cookies einsetzen und kl\u00e4ren hier\u00fcber im Rahmen unserer Datenschutzerkl\u00e4rung auf.<\/p>\n\n\n\n<h2 class=\"wp-block-heading\">L\u00f6schung von Daten<\/h2>\n\n\n\n<p>Die von uns verarbeiteten Daten werden nach Ma\u00dfgabe der gesetzlichen Vorgaben gel\u00f6scht oder in ihrer Verarbeitung eingeschr\u00e4nkt. Sofern nicht im Rahmen dieser Datenschutzerkl\u00e4rung ausdr\u00fccklich angegeben, werden die bei uns gespeicherten Daten gel\u00f6scht, sobald sie f\u00fcr ihre Zweckbestimmung nicht mehr erforderlich sind und der L\u00f6schung keine gesetzlichen Aufbewahrungspflichten entgegenstehen.<\/p>\n\n\n\n<h2 class=\"wp-block-heading\">Kontaktaufnahme<\/h2>\n\n\n\n<p>Bei der Kontaktaufnahme mit uns (z. B. per Kontaktformular, E-Mail oder via sozialer Medien) werden die Angaben des Nutzers zur Bearbeitung der Kontaktanfrage und deren Abwicklung gem. Art. 6 Abs. 1 lit. b. (im Rahmen vertraglicher-\/vorvertraglicher Beziehungen), Art. 6 Abs. 1 lit. f. (andere Anfragen) DSGVO verarbeitet.<\/p>\n\n\n\n<h2 class=\"wp-block-heading\">Hosting und E-Mail-Versand<\/h2>\n\n\n\n<p>Die von uns in Anspruch genommenen Hosting-Leistungen dienen der Zurverf\u00fcgungstellung der folgenden Leistungen: Infrastruktur- und Plattformdienstleistungen, Rechenkapazit\u00e4t, Speicherplatz und Datenbankdienste, E-Mail-Versand, Sicherheitsleistungen sowie technische Wartungsleistungen, die wir zum Zwecke des Betriebs dieses Onlineangebotes einsetzen.<\/p>\n\n\n\n<p>Hierbei verarbeiten wir, bzw. unser Hostinganbieter die zuvor genannten Kategorien von Daten, was berechtigten Interessen an einer effizienten und sicheren Zurverf\u00fcgungstellung dieses Onlineangebotes gem. Art. 6 Abs. 1 lit. f DSGVO i. V. m. Art. 28 DSGVO (Abschluss Auftragsverarbeitungsvertrag) dient.<\/p>\n\n\n\n<h2 class=\"wp-block-heading\">Unsere Social-Media-Auftritte<\/h2>\n\n\n\n<p>Wir unterhalten ein \u00f6ffentlich zug\u00e4ngliches Profil bei LinkedIn. Soziale Netzwerke k\u00f6nnen Ihr Nutzerverhalten in der Regel umfassend analysieren und dabei zahlreiche datenschutzrelevante Verarbeitungsvorg\u00e4nge ausl\u00f6sen, wenn Sie deren Website oder eine Website mit integrierten Social-Media-Inhalten (z. B. Like-Buttons oder Werbebannern) besuchen. Unsere Internetpr\u00e4senz ist ein berechtigtes Interesse im Sinne von Art. 6 Abs. 1 lit. f DSGVO. Zur Verantwortlichkeit, der Speicherdauer und Geltendmachung von Betroffenenrechten finden Sie auf den Internetseiten der jeweiligen Plattform.<\/p>\n\n\n\n<h2 class=\"wp-block-heading\">LINKEDIN<\/h2>\n\n\n\n<p>Wir verf\u00fcgen \u00fcber ein Profil bei LinkedIn. Anbieter ist die LinkedIn Ireland Unlimited Company, Wilton Plaza, Wilton Place, Dublin 2, Irland. LinkedIn verf\u00fcgt \u00fcber eine Zertifizierung nach dem EU-US-Privacy-Shield. LinkedIn verwendet Werbecookies. Wenn Sie LinkedIn-Werbe-Cookies deaktivieren m\u00f6chten, nutzen Sie bitte folgenden Link:&nbsp;<a href=\"https:\/\/www.linkedin.com\/psettings\/guest-controls\/retargeting-opt-out.\" target=\"_blank\" rel=\"noreferrer noopener\">https:\/\/www.linkedin.com\/psettings\/guest-controls\/retargeting-opt-out.<\/a>&nbsp;Details zu deren Umgang mit Ihren personenbezogenen Daten entnehmen Sie der Datenschutzerkl\u00e4rung von LinkedIn:&nbsp;<a href=\"https:\/\/www.linkedin.com\/legal\/privacy-policy.\" target=\"_blank\" rel=\"noreferrer noopener\">https:\/\/www.linkedin.com\/legal\/privacy-policy.<\/a><\/p>\n\n\n\n<p>Stand der Datenschutzerkl\u00e4rung: 17.01.2024<\/p>\n","protected":false},"excerpt":{"rendered":"<p>Datenschutzerkl\u00e4rung Der Schutz Ihrer pers\u00f6nlichen Daten ist uns ein wichtiges Anliegen. Wir erl\u00e4utern Ihnen daher nachfolgend, welche personenbezogene Daten wir im Rahmen unseres Webseitenbetriebs verarbeiten. Vorab weisen wir auf Folgendes hin: Die f\u00fcr die Datenverarbeitung im Zusammenhang mit dem Betrieb unserer Website verantwortliche Stelle ist die Firma WEIDENSTEIN GmbH, Baeumerstra\u00dfe 35, 44141 Dortmund. \u200bDie Verarbeitung [&hellip;]<\/p>\n","protected":false},"author":1,"featured_media":0,"parent":0,"menu_order":0,"comment_status":"closed","ping_status":"open","template":"","meta":{"footnotes":""},"class_list":["post-3","page","type-page","status-publish","hentry"],"blocksy_meta":[],"_links":{"self":[{"href":"https:\/\/weidenstein.com\/index.php?rest_route=\/wp\/v2\/pages\/3","targetHints":{"allow":["GET"]}}],"collection":[{"href":"https:\/\/weidenstein.com\/index.php?rest_route=\/wp\/v2\/pages"}],"about":[{"href":"https:\/\/weidenstein.com\/index.php?rest_route=\/wp\/v2\/types\/page"}],"author":[{"embeddable":true,"href":"https:\/\/weidenstein.com\/index.php?rest_route=\/wp\/v2\/users\/1"}],"replies":[{"embeddable":true,"href":"https:\/\/weidenstein.com\/index.php?rest_route=%2Fwp%2Fv2%2Fcomments&post=3"}],"version-history":[{"count":6,"href":"https:\/\/weidenstein.com\/index.php?rest_route=\/wp\/v2\/pages\/3\/revisions"}],"predecessor-version":[{"id":192,"href":"https:\/\/weidenstein.com\/index.php?rest_route=\/wp\/v2\/pages\/3\/revisions\/192"}],"wp:attachment":[{"href":"https:\/\/weidenstein.com\/index.php?rest_route=%2Fwp%2Fv2%2Fmedia&parent=3"}],"curies":[{"name":"wp","href":"https:\/\/api.w.org\/{rel}","templated":true}]}}