{"id":30,"date":"2025-11-02T11:55:02","date_gmt":"2025-11-02T11:55:02","guid":{"rendered":"https:\/\/weidenstein.life\/?page_id=30"},"modified":"2026-02-12T06:53:27","modified_gmt":"2026-02-12T06:53:27","slug":"home","status":"publish","type":"page","link":"https:\/\/weidenstein.com\/","title":{"rendered":"WEIDENSTEIN GmbH"},"content":{"rendered":"\n<blockquote class=\"wp-block-quote is-layout-flow wp-block-quote-is-layout-flow\">\n<p>F\u00fcr eine Gesundheitsversorgung, bei der agile Formen der Zusammenarbeit mit innovativen Eigentumsstrukturen und effizienten digitalen Versorgungsprozessen verschmelzen.<\/p>\n\n\n\n<p><strong>Unser Ziel<\/strong>: Jeder Mensch sollte zu jedem Zeitpunkt Zugang zu einer bestm\u00f6glichen Gesundheitsversorgung haben, Besch\u00e4ftigte sollen selbstbestimmt und sinnstiftend in einem gesundheitsf\u00f6rderlichen Arbeitsumfeld t\u00e4tig werden k\u00f6nnen.<\/p>\n<\/blockquote>\n\n\n\n<h2 class=\"wp-block-heading\">Coming soon:<br>WEIDENSTEIN-Gesundheitszentrum<\/h2>\n\n\n\n<p>Bald schon entsteht das erste&nbsp;<strong>WEIDENSTEIN-Gesundheitszentrum<\/strong>, in dem unter Einbindung der heute verf\u00fcgbaren technologischen M\u00f6glichkeiten eine bestm\u00f6gliche Gesundheitsversorgung stattfinden wird. Dabei verfolgen wir folgende Ziele:<\/p>\n\n\n\n<p>Gesundheitsdaten&nbsp;werden standardisiert erhoben und in einer interoperablen Form gespeichert. Das erm\u00f6glicht nicht nur einen einfachen Datenaustausch mit anderen Leistungserbringern, auch Patientinnen und Patienten k\u00f6nnen jederzeit auf ihre eigenen Behandlungsdaten zugreifen und haben damit einen vollst\u00e4ndigen \u00dcberblick \u00fcber ihren Gesundheitszustand und den Behandlungsverlauf.<\/p>\n\n\n\n<p>Unsere Teams arbeiten berufsgruppen\u00fcbergreifend und selbstbestimmt zusammen. Nur im Team kann eine bestm\u00f6gliche Gesundheitsversorgung gelingen, denn dann ist es m\u00f6glich, dass sich alle Beteiligten mit ihren Kompetenzen in den Behandlungsprozess einbringen k\u00f6nnen. Die Kommunikation der Teammitglieder findet immer wertsch\u00e4tzend und auf Augenh\u00f6he statt, unabh\u00e4ngig von Berufsausbildung und akademischen Titeln.<\/p>\n\n\n\n<p>Alle Mitarbeitenden sollen ihren T\u00e4tigkeit nach ihren eigenen Bed\u00fcrfnissen selbstorganisiert gestalten k\u00f6nnen. Selbstorganisation hei\u00dft nicht, dass keine Regeln herrschen. Die Regeln werden aber von den Teams selbst gemacht, denn die Mitarbeitenden wissen am besten, was sie und ihre Mitmenschen ben\u00f6tigen. Konflikte werden gel\u00f6st und nicht unter den Tisch gekehrt.\u200b<\/p>\n\n\n\n<p><strong>Du m\u00f6chtest mitmachen? Dann schreib uns eine Nachricht an <a href=\"mailto:info@WEIDENSTEIN.com\">info@WEIDENSTEIN.com<\/a>, wir melden uns zeitnah zur\u00fcck.<\/strong><\/p>\n","protected":false},"excerpt":{"rendered":"<p>F\u00fcr eine Gesundheitsversorgung, bei der agile Formen der Zusammenarbeit mit innovativen Eigentumsstrukturen und effizienten digitalen Versorgungsprozessen verschmelzen. Unser Ziel: Jeder Mensch sollte zu jedem Zeitpunkt Zugang zu einer bestm\u00f6glichen Gesundheitsversorgung haben, Besch\u00e4ftigte sollen selbstbestimmt und sinnstiftend in einem gesundheitsf\u00f6rderlichen Arbeitsumfeld t\u00e4tig werden k\u00f6nnen. Coming soon:WEIDENSTEIN-Gesundheitszentrum Bald schon entsteht das erste&nbsp;WEIDENSTEIN-Gesundheitszentrum, in dem unter Einbindung der [&hellip;]<\/p>\n","protected":false},"author":2,"featured_media":0,"parent":0,"menu_order":0,"comment_status":"closed","ping_status":"closed","template":"","meta":{"footnotes":""},"class_list":["post-30","page","type-page","status-publish","hentry"],"blocksy_meta":[],"_links":{"self":[{"href":"https:\/\/weidenstein.com\/index.php?rest_route=\/wp\/v2\/pages\/30","targetHints":{"allow":["GET"]}}],"collection":[{"href":"https:\/\/weidenstein.com\/index.php?rest_route=\/wp\/v2\/pages"}],"about":[{"href":"https:\/\/weidenstein.com\/index.php?rest_route=\/wp\/v2\/types\/page"}],"author":[{"embeddable":true,"href":"https:\/\/weidenstein.com\/index.php?rest_route=\/wp\/v2\/users\/2"}],"replies":[{"embeddable":true,"href":"https:\/\/weidenstein.com\/index.php?rest_route=%2Fwp%2Fv2%2Fcomments&post=30"}],"version-history":[{"count":13,"href":"https:\/\/weidenstein.com\/index.php?rest_route=\/wp\/v2\/pages\/30\/revisions"}],"predecessor-version":[{"id":228,"href":"https:\/\/weidenstein.com\/index.php?rest_route=\/wp\/v2\/pages\/30\/revisions\/228"}],"wp:attachment":[{"href":"https:\/\/weidenstein.com\/index.php?rest_route=%2Fwp%2Fv2%2Fmedia&parent=30"}],"curies":[{"name":"wp","href":"https:\/\/api.w.org\/{rel}","templated":true}]}}