{"id":39,"date":"2025-11-02T12:18:23","date_gmt":"2025-11-02T12:18:23","guid":{"rendered":"https:\/\/weidenstein.life\/?page_id=39"},"modified":"2026-02-12T06:57:18","modified_gmt":"2026-02-12T06:57:18","slug":"impressum","status":"publish","type":"page","link":"https:\/\/weidenstein.com\/?page_id=39","title":{"rendered":"Impressum"},"content":{"rendered":"\n<h1 class=\"wp-block-heading\">Impressum<\/h1>\n\n\n\n<p>WEIDENSTEIN GmbH<br>Baeumerstra\u00dfe 35<br>44141 Dortmund<\/p>\n\n\n\n<p>Telefon: +49-231-13486453<br>E-Mail:&nbsp;<a href=\"mailto:info@weidenstein.com\">info@weidenstein.com<\/a><br>Website:&nbsp;<a href=\"http:\/\/weidenstein.com\/\" target=\"_blank\" rel=\"noreferrer noopener\">http:\/\/weidenstein.com\/<\/a><\/p>\n\n\n\n<p>Gesch\u00e4ftsf\u00fchrer: Prof. Dr. Felix Hoffmann<br>Berufsbezeichnung: Felix Hoffmann ist approbierter Arzt, die Approbation wurde in Deutschland gem\u00e4\u00df der \u00c4rztlichen Approbationsordnung (\u00c4AppO) verliehen.<br>Zust\u00e4ndige Kammer:&nbsp;<a href=\"https:\/\/www.aekwl.de\/\" target=\"_blank\" rel=\"noreferrer noopener\">\u00c4rztekammer Westfalen-Lippe<\/a>.<br>Es gelten folgende berufsrechtliche Regelungen, die \u00fcber die jeweils verlinkten Websites zug\u00e4nglich sind:&nbsp;<a href=\"https:\/\/recht.nrw.de\/lmi\/owa\/br_text_anzeigen?v_id=10000000000000000065\" target=\"_blank\" rel=\"noreferrer noopener\">Heilberufsgesetz Nordrhein-Westfalen<\/a>;&nbsp;<a href=\"https:\/\/www.aekwl.de\/fuer-aerzte\/arzt-und-recht\/satzungen-der-aekwl\" target=\"_blank\" rel=\"noreferrer noopener\">Berufsordnung der \u00c4rztekammer Westfalen-Lippe<\/a>.<\/p>\n\n\n\n<p>Rechtsform: GmbH (Die WEIDENSTEIN GmbH ist eine GmbH in Verantwortungseigentum. Veto-Gesellschafter ist Purpose:Health e.V.)<br>Sitz der Gesellschaft: Dortmund<br>Amtsgericht Dortmund HRB Nr.: 35822<br>Umsatzsteueridentifikationsnummer: DE366174480<\/p>\n\n\n\n<p>Inhaltlich Verantwortlicher gem\u00e4\u00df \u00a7 7 Abs. 1 des Telemediengesetzes: Prof. Dr. Felix Hoffmann<\/p>\n\n\n\n<p>Die rechtlichen Hinweise auf dieser Seite sowie alle Fragen und Streitigkeiten im Zusammenhang mit der Gestaltung dieser Internetseite unterliegen dem Recht der Bundesrepublik Deutschland.<\/p>\n\n\n\n<p>Datenschutz: Unsere Datenschutzhinweise finden Sie unter\u00a0<a href=\"https:\/\/weidenstein.com\/?page_id=3\" data-type=\"link\" data-id=\"https:\/\/weidenstein.com\/?page_id=3\">Datenschutz<\/a>.<\/p>\n\n\n\n<h6 class=\"wp-block-heading\">Allgemeine Hinweise<\/h6>\n\n\n\n<p>Alle Inhalte, Texte, Bilder und Grafiken dieser Website sind urheberrechtlich gesch\u00fctzt. Ihre Vervielf\u00e4ltigung, Bearbeitung, Verbreitung und jede Art der Verwertung bed\u00fcrfen der schriftlichen Zustimmung der WEIDENSTEIN GmbH.<\/p>\n\n\n\n<p>Diese Website enth\u00e4lt Links zu Websites Dritter. \u00dcber den Inhalt dieser Websites haben wir jedoch keine Kontrolle und sind daf\u00fcr nicht verantwortlich. Hinweisen auf rechtswidrige Inhalte werden wir jederzeit nachgehen und bei gegebener Rechtsverletzung den Link entfernen.<\/p>\n","protected":false},"excerpt":{"rendered":"<p>Impressum WEIDENSTEIN GmbHBaeumerstra\u00dfe 3544141 Dortmund Telefon: +49-231-13486453E-Mail:&nbsp;info@weidenstein.comWebsite:&nbsp;http:\/\/weidenstein.com\/ Gesch\u00e4ftsf\u00fchrer: Prof. Dr. Felix HoffmannBerufsbezeichnung: Felix Hoffmann ist approbierter Arzt, die Approbation wurde in Deutschland gem\u00e4\u00df der \u00c4rztlichen Approbationsordnung (\u00c4AppO) verliehen.Zust\u00e4ndige Kammer:&nbsp;\u00c4rztekammer Westfalen-Lippe.Es gelten folgende berufsrechtliche Regelungen, die \u00fcber die jeweils verlinkten Websites zug\u00e4nglich sind:&nbsp;Heilberufsgesetz Nordrhein-Westfalen;&nbsp;Berufsordnung der \u00c4rztekammer Westfalen-Lippe. Rechtsform: GmbH (Die WEIDENSTEIN GmbH ist eine GmbH in [&hellip;]<\/p>\n","protected":false},"author":4,"featured_media":0,"parent":0,"menu_order":0,"comment_status":"closed","ping_status":"closed","template":"","meta":{"footnotes":""},"class_list":["post-39","page","type-page","status-publish","hentry"],"blocksy_meta":[],"_links":{"self":[{"href":"https:\/\/weidenstein.com\/index.php?rest_route=\/wp\/v2\/pages\/39","targetHints":{"allow":["GET"]}}],"collection":[{"href":"https:\/\/weidenstein.com\/index.php?rest_route=\/wp\/v2\/pages"}],"about":[{"href":"https:\/\/weidenstein.com\/index.php?rest_route=\/wp\/v2\/types\/page"}],"author":[{"embeddable":true,"href":"https:\/\/weidenstein.com\/index.php?rest_route=\/wp\/v2\/users\/4"}],"replies":[{"embeddable":true,"href":"https:\/\/weidenstein.com\/index.php?rest_route=%2Fwp%2Fv2%2Fcomments&post=39"}],"version-history":[{"count":5,"href":"https:\/\/weidenstein.com\/index.php?rest_route=\/wp\/v2\/pages\/39\/revisions"}],"predecessor-version":[{"id":229,"href":"https:\/\/weidenstein.com\/index.php?rest_route=\/wp\/v2\/pages\/39\/revisions\/229"}],"wp:attachment":[{"href":"https:\/\/weidenstein.com\/index.php?rest_route=%2Fwp%2Fv2%2Fmedia&parent=39"}],"curies":[{"name":"wp","href":"https:\/\/api.w.org\/{rel}","templated":true}]}}